

{"id":23,"date":"2018-06-28T11:02:11","date_gmt":"2018-06-28T09:02:11","guid":{"rendered":"https:\/\/www.schule-wollerau.ch\/primarschule\/leitbild\/"},"modified":"2021-08-06T14:39:29","modified_gmt":"2021-08-06T12:39:29","slug":"leitbild","status":"publish","type":"page","link":"https:\/\/www.musikschule-wollerau.ch\/primarschule\/unsere-schule\/leitbild\/","title":{"rendered":"Leitbild"},"content":{"rendered":"<div class=\"row\"><div class=\"col-12 col-sm-12  offset-sm-0 offset-lg-0  d-block d-sm-block d-lg-block col-lg-9\"><h1 class=\"\">Leitbild<\/h1>\r\n\r\n<div class=\"mxm_wysiwyg default d-inline\">\r\n\t<p>Das Leitbild st\u00fctzt sich auf die gesetzlichen Grundlagen <em>Verordnung \u00fcber die Volksschule 611.211<\/em> und zeigt unsere Vorstellungen einer lebendigen Schule. Es dient als Richtlinie f\u00fcr die Gestaltung des Schulalltags und f\u00fcr die Weiterentwicklung unserer Schule. Der Schulrat hat es genehmigt und in Kraft gesetzt.<\/p>\r\n<\/div><div class=\"mxm_accordion default\">\r\n\r\n    <div id=\"accordion-first\" class=\"clearfix\">\r\n        <div class=\"accordion\" id=\"#parent-id-\">\r\n                <div class=\"accordion-group\">\r\n                    <div class=\"accordion-heading\">\r\n                        <a class=\"accordion-toggle collapsed\" data-toggle=\"collapse\" data-parent=\"a\" href=\"#accordion-225\">\r\n                            <em class=\"icon-fixed-width fa fa-plus\"><\/em>\r\n                                \r\n                        <\/a>\r\n                    <\/div>\r\n                    <div style=\"height: 0px;\" id=\"accordion-225\" class=\"accordion-body collapse \">\r\n                        <div class=\"accordion-inner\">\r\n                            \r\n                        <\/div>\r\n                    <\/div>\r\n                <\/div>\r\n                <div class=\"accordion-group\">\r\n                    <div class=\"accordion-heading\">\r\n                        <a class=\"accordion-toggle collapsed\" data-toggle=\"collapse\" data-parent=\"a\" href=\"#accordion-226\">\r\n                            <em class=\"icon-fixed-width fa fa-plus\"><\/em>\r\n                                Schulkultur\r\n                        <\/a>\r\n                    <\/div>\r\n                    <div style=\"height: 0px;\" id=\"accordion-226\" class=\"accordion-body collapse \">\r\n                        <div class=\"accordion-inner\">\r\n                            <div class=\"row\"><div class=\"col-12 col-sm-12 col-lg-12  offset-sm-0 offset-lg-0  d-block d-sm-block d-lg-block\"><div class=\"mxm_wysiwyg default d-inline\">\r\n\t<p><strong>Unsere Schule ist eine Gemeinschaft, in der Kinder und Erwachsene gerne lernen, arbeiten und sich begegnen.<\/strong><\/p><p>Mit einer positiven Lernatmosph\u00e4re f\u00f6rdern wir die Freude am Schulalltag.<\/p><p>Gesundheit ist uns wichtig und wir achten darauf.<\/p><p>Wir pflegen einen respektvollen und offenen Umgang, auch bei Konflikten.<\/p><p>Wir bieten einen Rahmen mit klaren Regeln und Grenzen, in dem Eigenverantwortung unterst\u00fctzt, aufgebaut und ge\u00fcbt wird.<\/p><p>Durch Anl\u00e4sse und Projekte st\u00e4rken wir unsere Zusammengeh\u00f6rigkeit.<\/p>\r\n<\/div><\/div><\/div>\r\n                        <\/div>\r\n                    <\/div>\r\n                <\/div>\r\n                <div class=\"accordion-group\">\r\n                    <div class=\"accordion-heading\">\r\n                        <a class=\"accordion-toggle collapsed\" data-toggle=\"collapse\" data-parent=\"a\" href=\"#accordion-227\">\r\n                            <em class=\"icon-fixed-width fa fa-plus\"><\/em>\r\n                                Unterricht\r\n                        <\/a>\r\n                    <\/div>\r\n                    <div style=\"height: 0px;\" id=\"accordion-227\" class=\"accordion-body collapse \">\r\n                        <div class=\"accordion-inner\">\r\n                            <div class=\"row\"><div class=\"col-12 col-sm-12 col-lg-12  offset-sm-0 offset-lg-0  d-block d-sm-block d-lg-block\"><div class=\"mxm_wysiwyg default d-inline\">\r\n\t<p><strong>Mit einem ganzheitlichen Unterricht schaffen wir Raum f\u00fcr Gemeinschaftserfahrung und pers\u00f6nliche Entfaltung.<\/strong><\/p><p>Mit vielf\u00e4ltigen Lehr- und Lernformen ber\u00fccksichtigen wir die Tatsache, dass Kinder verschieden sind und verschieden lernen.<\/p><p>Eigenaktives und nachhaltiges Lernen wird gef\u00f6rdert.<\/p><p>Verschiedene Lernstrategien und Lerntechniken werden ber\u00fccksichtigt und einge\u00fcbt.<\/p><p>Wir beurteilen die Sach-, Selbst- und Sozialkompetenz lernzielbezogen und sch\u00fclerorientiert.<\/p><p>Wir achten auf wiederkehrende, vertraute Tages- und Wochenabl\u00e4ufe.<\/p>\r\n<\/div><\/div><\/div>\r\n                        <\/div>\r\n                    <\/div>\r\n                <\/div>\r\n                <div class=\"accordion-group\">\r\n                    <div class=\"accordion-heading\">\r\n                        <a class=\"accordion-toggle collapsed\" data-toggle=\"collapse\" data-parent=\"a\" href=\"#accordion-228\">\r\n                            <em class=\"icon-fixed-width fa fa-plus\"><\/em>\r\n                                Interne Zusammenarbeit\r\n                        <\/a>\r\n                    <\/div>\r\n                    <div style=\"height: 0px;\" id=\"accordion-228\" class=\"accordion-body collapse \">\r\n                        <div class=\"accordion-inner\">\r\n                            <div class=\"row\"><div class=\"col-12 col-sm-12 col-lg-12  offset-sm-0 offset-lg-0  d-block d-sm-block d-lg-block\"><div class=\"mxm_wysiwyg default d-inline\">\r\n\t<p><strong>Wir tragen gemeinsam Verantwortung f\u00fcr das Lehren und Lernen an unserer Schule.<\/strong><\/p><p>Wir begegnen einender wohlwollend, offen und direkt und nutzen unsere Verschiedenheit.<\/p><p>In unserer integrativen Schule pflegen wir eine intensive Zusammenarbeit zwischen Lehrpersonen und Fachkr\u00e4ften.<\/p>\r\n<\/div><\/div><\/div>\r\n                        <\/div>\r\n                    <\/div>\r\n                <\/div>\r\n                <div class=\"accordion-group\">\r\n                    <div class=\"accordion-heading\">\r\n                        <a class=\"accordion-toggle collapsed\" data-toggle=\"collapse\" data-parent=\"a\" href=\"#accordion-229\">\r\n                            <em class=\"icon-fixed-width fa fa-plus\"><\/em>\r\n                                Qualit\u00e4t\r\n                        <\/a>\r\n                    <\/div>\r\n                    <div style=\"height: 0px;\" id=\"accordion-229\" class=\"accordion-body collapse \">\r\n                        <div class=\"accordion-inner\">\r\n                            <div class=\"row\"><div class=\"col-12 col-sm-12 col-lg-12  offset-sm-0 offset-lg-0  d-block d-sm-block d-lg-block\"><div class=\"mxm_wysiwyg default d-inline\">\r\n\t<p><strong>Wir setzen uns f\u00fcr eine Schule mit hoher Qualit\u00e4t ein.<\/strong><\/p><p>Wir schaffen f\u00fcr die Kinder eine angenehme und leistungsbejahende Atmosph\u00e4re, um die gesteckten Lernziele zu erreichen.<\/p><p>In unserer geleiteten Schule setzen wir uns mit unserer Arbeit kritisch auseinander, \u00fcberpr\u00fcfen und entwickeln sie weiter.<\/p><p>Weiterbildungs- und Beratungsangebote werden individuell und\/oder als Team genutzt.<\/p><p>Die Beh\u00f6rde schafft in Zusammenarbeit mit der Schulleitung attraktive Rahmenbedingungen, die das Erreichen der Ziele erm\u00f6glichen.<\/p>\r\n<\/div><\/div><\/div>\r\n                        <\/div>\r\n                    <\/div>\r\n                <\/div>\r\n                <div class=\"accordion-group\">\r\n                    <div class=\"accordion-heading\">\r\n                        <a class=\"accordion-toggle collapsed\" data-toggle=\"collapse\" data-parent=\"a\" href=\"#accordion-230\">\r\n                            <em class=\"icon-fixed-width fa fa-plus\"><\/em>\r\n                                Organisation\r\n                        <\/a>\r\n                    <\/div>\r\n                    <div style=\"height: 0px;\" id=\"accordion-230\" class=\"accordion-body collapse \">\r\n                        <div class=\"accordion-inner\">\r\n                            <div class=\"row\"><div class=\"col-12 col-sm-12 col-lg-12  offset-sm-0 offset-lg-0  d-block d-sm-block d-lg-block\"><div class=\"mxm_wysiwyg default d-inline\">\r\n\t<p><strong>Wir organisieren unsere Schule so, dass das Lernen, Arbeiten und Wohlbefinden aller unterst\u00fctzt wird.<\/strong><\/p><p>Aufgaben, Kompetenzen und Instanzenweg zwischen Beh\u00f6rden, Schulleitung, Lehrpersonen, Fachpersonen, Eltern, Kindern und Hauswartsteam sind klar geregelt.<\/p><p>Der Informationsfluss zwischen allen Beteiligten erfolgt rechtzeitig und transparent.<\/p>\r\n<\/div><\/div><\/div>\r\n                        <\/div>\r\n                    <\/div>\r\n                <\/div>\r\n                <div class=\"accordion-group\">\r\n                    <div class=\"accordion-heading\">\r\n                        <a class=\"accordion-toggle collapsed\" data-toggle=\"collapse\" data-parent=\"a\" href=\"#accordion-231\">\r\n                            <em class=\"icon-fixed-width fa fa-plus\"><\/em>\r\n                                Schule und \u00d6ffentlichkeit\r\n                        <\/a>\r\n                    <\/div>\r\n                    <div style=\"height: 0px;\" id=\"accordion-231\" class=\"accordion-body collapse \">\r\n                        <div class=\"accordion-inner\">\r\n                            <div class=\"row\"><div class=\"col-12 col-sm-12 col-lg-12  offset-sm-0 offset-lg-0  d-block d-sm-block d-lg-block\"><div class=\"mxm_wysiwyg default d-inline\">\r\n\t<p><strong>Unsere Schule pflegt den Kontakt zu Eltern, Beh\u00f6rden und \u00d6ffentlichkeit.<\/strong><\/p><p>Unsere Zusammenarbeit ist gepr\u00e4gt durch Respekt, Sachlichkeit, Offenheit und Kooperation.<\/p><p>Wir bieten M\u00f6glichkeiten an, Einblick in die schulische T\u00e4tigkeit zu nehmen.<\/p><p>Anliegen der Eltern nehmen wir ernst. Zusammen suchen wir konstruktive L\u00f6sungen.<\/p><p>Wir pflegen lokale, traditionelle und kulturelle Werte und Br\u00e4uche.<\/p>\r\n<\/div><\/div><\/div>\r\n                        <\/div>\r\n                    <\/div>\r\n                <\/div>\r\n        <\/div>\r\n        <!-- end accordion -->\r\n    <\/div>\r\n<\/div><\/div><div class=\"col col-xs-12 col-sm-12  col-xs-offset-0 col-sm-offset-0 col-lg-3\"><div class=\"mxm_wysiwyg default d-inline\">\r\n\t\r\n<\/div><\/div><\/div><div class=\"row\"><div class=\"col col-xs-12 col-sm-12  col-xs-offset-0 col-sm-offset-0 col-lg-12\"><div class=\"mxm_wysiwyg default d-inline\">\r\n\t<p><small>Primarschule Wollerau<\/small><\/p>\r\n<\/div><\/div><\/div>","protected":false},"excerpt":{"rendered":"","protected":false},"author":1,"featured_media":0,"parent":204,"menu_order":0,"comment_status":"closed","ping_status":"closed","template":"","meta":{"_mi_skip_tracking":false,"_links_to":"","_links_to_target":""},"yst_prominent_words":[148,139,137,149,144,136,130,256,134,146,145,140,138,151,132,131,141,150,147,133],"_links":{"self":[{"href":"https:\/\/www.musikschule-wollerau.ch\/primarschule\/wp-json\/wp\/v2\/pages\/23"}],"collection":[{"href":"https:\/\/www.musikschule-wollerau.ch\/primarschule\/wp-json\/wp\/v2\/pages"}],"about":[{"href":"https:\/\/www.musikschule-wollerau.ch\/primarschule\/wp-json\/wp\/v2\/types\/page"}],"author":[{"embeddable":true,"href":"https:\/\/www.musikschule-wollerau.ch\/primarschule\/wp-json\/wp\/v2\/users\/1"}],"replies":[{"embeddable":true,"href":"https:\/\/www.musikschule-wollerau.ch\/primarschule\/wp-json\/wp\/v2\/comments?post=23"}],"version-history":[{"count":8,"href":"https:\/\/www.musikschule-wollerau.ch\/primarschule\/wp-json\/wp\/v2\/pages\/23\/revisions"}],"predecessor-version":[{"id":3478,"href":"https:\/\/www.musikschule-wollerau.ch\/primarschule\/wp-json\/wp\/v2\/pages\/23\/revisions\/3478"}],"up":[{"embeddable":true,"href":"https:\/\/www.musikschule-wollerau.ch\/primarschule\/wp-json\/wp\/v2\/pages\/204"}],"wp:attachment":[{"href":"https:\/\/www.musikschule-wollerau.ch\/primarschule\/wp-json\/wp\/v2\/media?parent=23"}],"wp:term":[{"taxonomy":"yst_prominent_words","embeddable":true,"href":"https:\/\/www.musikschule-wollerau.ch\/primarschule\/wp-json\/wp\/v2\/yst_prominent_words?post=23"}],"curies":[{"name":"wp","href":"https:\/\/api.w.org\/{rel}","templated":true}]}}